{"id":1096,"date":"2025-11-02T13:52:12","date_gmt":"2025-11-02T19:52:12","guid":{"rendered":"https:\/\/sciesc.com\/?post_type=product&#038;p=1096"},"modified":"2025-11-02T14:08:51","modified_gmt":"2025-11-02T20:08:51","slug":"script-de-procesos","status":"publish","type":"product","link":"https:\/\/sciesc.com\/en\/product\/script-de-procesos\/","title":{"rendered":"Script de Procesos"},"content":{"rendered":"<p><img fetchpriority=\"high\" decoding=\"async\" class=\"alignnone size-medium wp-image-435\" src=\"https:\/\/sciesc.com\/wp-content\/uploads\/2019\/05\/camera-coffee-colorful-1391374-300x210.jpg\" alt=\"\" width=\"300\" height=\"210\" srcset=\"https:\/\/sciesc.com\/wp-content\/uploads\/2019\/05\/camera-coffee-colorful-1391374-300x210.jpg 300w, https:\/\/sciesc.com\/wp-content\/uploads\/2019\/05\/camera-coffee-colorful-1391374-416x291.jpg 416w, https:\/\/sciesc.com\/wp-content\/uploads\/2019\/05\/camera-coffee-colorful-1391374.jpg 500w\" sizes=\"(max-width: 300px) 100vw, 300px\" \/><\/p>","protected":false},"excerpt":{"rendered":"<h3 data-start=\"3650\" data-end=\"3678\">\ud83c\udfaf <strong data-start=\"3657\" data-end=\"3678\">Objetivos del kit<\/strong><\/h3>\n<ul data-start=\"3679\" data-end=\"4016\">\n<li data-start=\"3679\" data-end=\"3737\">\n<p data-start=\"3681\" data-end=\"3737\">Estandarizar los procesos internos y su documentaci\u00f3n.<\/p>\n<\/li>\n<li data-start=\"3738\" data-end=\"3814\">\n<p data-start=\"3740\" data-end=\"3814\">Fortalecer el control interno y la trazabilidad de actividades cr\u00edticas.<\/p>\n<\/li>\n<li data-start=\"3815\" data-end=\"3887\">\n<p data-start=\"3817\" data-end=\"3887\">Promover una cultura de eficiencia, transparencia y mejora continua.<\/p>\n<\/li>\n<li data-start=\"3888\" data-end=\"3955\">\n<p data-start=\"3890\" data-end=\"3955\">Facilitar la capacitaci\u00f3n del personal en gesti\u00f3n por procesos.<\/p>\n<\/li>\n<li data-start=\"3956\" data-end=\"4016\">\n<p data-start=\"3958\" data-end=\"4016\">Alinear la operaci\u00f3n con los marcos <strong data-start=\"3994\" data-end=\"4013\">COSO, ISO y BPM<\/strong>.<\/p>\n<\/li>\n<\/ul>\n<hr data-start=\"4018\" data-end=\"4021\" \/>\n<h3 data-start=\"4023\" data-end=\"4044\">\ud83d\udc65 <strong data-start=\"4030\" data-end=\"4044\">Dirigido a<\/strong><\/h3>\n<ul data-start=\"4045\" data-end=\"4334\">\n<li data-start=\"4045\" data-end=\"4135\">\n<p data-start=\"4047\" data-end=\"4135\">Departamentos de <strong data-start=\"4064\" data-end=\"4132\">Planeaci\u00f3n, Administraci\u00f3n, Calidad, Control Interno y Auditor\u00eda<\/strong>.<\/p>\n<\/li>\n<li data-start=\"4136\" data-end=\"4231\">\n<p data-start=\"4138\" data-end=\"4231\"><strong data-start=\"4138\" data-end=\"4167\">Consultores empresariales<\/strong> o <strong data-start=\"4170\" data-end=\"4183\">despachos<\/strong> que implementan modelos de gesti\u00f3n y control.<\/p>\n<\/li>\n<li data-start=\"4232\" data-end=\"4334\">\n<p data-start=\"4234\" data-end=\"4334\">Empresas que buscan <strong data-start=\"4254\" data-end=\"4284\">formalizar sus operaciones<\/strong> o prepararse para auditor\u00edas o certificaciones.<\/p>\n<\/li>\n<\/ul>\n<hr data-start=\"4336\" data-end=\"4339\" \/>\n<h3 data-start=\"4341\" data-end=\"4370\">\ud83d\udda5\ufe0f <strong data-start=\"4349\" data-end=\"4370\">Formato y entrega<\/strong><\/h3>\n<ul data-start=\"4371\" data-end=\"4770\">\n<li data-start=\"4371\" data-end=\"4653\">\n<p data-start=\"4373\" data-end=\"4443\">Descarga inmediata en archivo <strong data-start=\"4403\" data-end=\"4411\">.ZIP<\/strong>, con los siguientes contenidos:<\/p>\n<ul data-start=\"4446\" data-end=\"4653\">\n<li data-start=\"4446\" data-end=\"4488\">\n<p data-start=\"4448\" data-end=\"4488\">\ud83d\udcca Matriz de Procesos Internos (Excel)<\/p>\n<\/li>\n<li data-start=\"4491\" data-end=\"4545\">\n<p data-start=\"4493\" data-end=\"4545\">\ud83d\udcc4 Procedimiento de Gesti\u00f3n de Procesos (Word\/PDF)<\/p>\n<\/li>\n<li data-start=\"4602\" data-end=\"4653\">\n<p data-start=\"4604\" data-end=\"4653\">\ud83d\udcda Fuentes normativas y bibliograf\u00eda consultada<\/p>\n<\/li>\n<\/ul>\n<\/li>\n<li data-start=\"4654\" data-end=\"4723\">\n<p data-start=\"4656\" data-end=\"4723\">Incluye <strong data-start=\"4664\" data-end=\"4720\">gu\u00eda de personalizaci\u00f3n e implementaci\u00f3n paso a paso<\/strong>.<\/p>\n<\/li>\n<\/ul>\n<hr data-start=\"4905\" data-end=\"4908\" \/>\n<h3 data-start=\"4910\" data-end=\"4935\">\ud83d\ude80 <strong data-start=\"4917\" data-end=\"4935\">Bono adicional<\/strong><\/h3>\n<p data-start=\"4936\" data-end=\"5044\">\ud83c\udf81 Incluye plantilla editable de <strong data-start=\"4969\" data-end=\"5003\">Mapa de Procesos Institucional<\/strong> y <strong data-start=\"5006\" data-end=\"5033\">Plan de Mejora Continua<\/strong> (Excel).<\/p>\n<hr data-start=\"5046\" data-end=\"5049\" \/>\n<h3 data-start=\"5051\" data-end=\"5081\">\ud83c\udfe2 <strong data-start=\"5058\" data-end=\"5079\">Desarrollado por:<\/strong><\/h3>\n<p data-start=\"5082\" data-end=\"5205\"><strong data-start=\"5082\" data-end=\"5121\">Consultor\u00eda Integral Empresarial SC<\/strong><br data-start=\"5121\" data-end=\"5124\" \/>Especialistas en <strong data-start=\"5141\" data-end=\"5205\">Procesos, Control Interno, Auditor\u00eda y Gobierno Corporativo.<\/strong><\/p>","protected":false},"featured_media":435,"comment_status":"open","ping_status":"closed","template":"","meta":[],"product_brand":[],"product_cat":[18],"product_tag":[24],"class_list":{"0":"post-1096","1":"product","2":"type-product","3":"status-publish","4":"has-post-thumbnail","6":"product_cat-sin-categorizar","7":"product_tag-procesosbpm","9":"first","10":"instock","11":"sale","12":"downloadable","13":"taxable","14":"shipping-taxable","15":"purchasable","16":"product-type-simple"},"_links":{"self":[{"href":"https:\/\/sciesc.com\/en\/wp-json\/wp\/v2\/product\/1096","targetHints":{"allow":["GET"]}}],"collection":[{"href":"https:\/\/sciesc.com\/en\/wp-json\/wp\/v2\/product"}],"about":[{"href":"https:\/\/sciesc.com\/en\/wp-json\/wp\/v2\/types\/product"}],"replies":[{"embeddable":true,"href":"https:\/\/sciesc.com\/en\/wp-json\/wp\/v2\/comments?post=1096"}],"wp:featuredmedia":[{"embeddable":true,"href":"https:\/\/sciesc.com\/en\/wp-json\/wp\/v2\/media\/435"}],"wp:attachment":[{"href":"https:\/\/sciesc.com\/en\/wp-json\/wp\/v2\/media?parent=1096"}],"wp:term":[{"taxonomy":"product_brand","embeddable":true,"href":"https:\/\/sciesc.com\/en\/wp-json\/wp\/v2\/product_brand?post=1096"},{"taxonomy":"product_cat","embeddable":true,"href":"https:\/\/sciesc.com\/en\/wp-json\/wp\/v2\/product_cat?post=1096"},{"taxonomy":"product_tag","embeddable":true,"href":"https:\/\/sciesc.com\/en\/wp-json\/wp\/v2\/product_tag?post=1096"}],"curies":[{"name":"wp","href":"https:\/\/api.w.org\/{rel}","templated":true}]}}