{"id":1095,"date":"2025-11-02T13:47:28","date_gmt":"2025-11-02T19:47:28","guid":{"rendered":"https:\/\/sciesc.com\/?post_type=product&#038;p=1095"},"modified":"2025-11-02T14:03:14","modified_gmt":"2025-11-02T20:03:14","slug":"script-auditoria-interna","status":"publish","type":"product","link":"https:\/\/sciesc.com\/en\/product\/script-auditoria-interna\/","title":{"rendered":"Script Auditoria Interna"},"content":{"rendered":"<p><img fetchpriority=\"high\" decoding=\"async\" class=\"alignnone size-medium wp-image-348\" src=\"https:\/\/sciesc.com\/wp-content\/uploads\/2019\/06\/charts-data-desk-669615-300x199.jpg\" alt=\"\" width=\"300\" height=\"199\" srcset=\"https:\/\/sciesc.com\/wp-content\/uploads\/2019\/06\/charts-data-desk-669615-300x199.jpg 300w, https:\/\/sciesc.com\/wp-content\/uploads\/2019\/06\/charts-data-desk-669615-700x463.jpg 700w, https:\/\/sciesc.com\/wp-content\/uploads\/2019\/06\/charts-data-desk-669615-768x508.jpg 768w, https:\/\/sciesc.com\/wp-content\/uploads\/2019\/06\/charts-data-desk-669615-1024x678.jpg 1024w, https:\/\/sciesc.com\/wp-content\/uploads\/2019\/06\/charts-data-desk-669615-377x251.jpg 377w, https:\/\/sciesc.com\/wp-content\/uploads\/2019\/06\/charts-data-desk-669615.jpg 1920w\" sizes=\"(max-width: 300px) 100vw, 300px\" \/><\/p>","protected":false},"excerpt":{"rendered":"<article class=\"text-token-text-primary w-full focus:outline-none [--shadow-height:45px] has-data-writing-block:pointer-events-none has-data-writing-block:-mt-(--shadow-height) has-data-writing-block:pt-(--shadow-height) [&amp;:has([data-writing-block])&gt;*]:pointer-events-auto [content-visibility:auto] supports-[content-visibility:auto]:[contain-intrinsic-size:auto_100lvh] scroll-mt-[calc(var(--header-height)+min(200px,max(70px,20svh)))]\" dir=\"auto\" tabindex=\"-1\" data-turn-id=\"request-WEB:aea7c6c3-232f-4ac2-9b8a-4fe8d99b2167-3\" data-testid=\"conversation-turn-8\" data-scroll-anchor=\"true\" data-turn=\"assistant\">\n<div class=\"text-base my-auto mx-auto pb-10 [--thread-content-margin:--spacing(4)] thread-sm:[--thread-content-margin:--spacing(6)] thread-lg:[--thread-content-margin:--spacing(16)] px-(--thread-content-margin)\">\n<div class=\"[--thread-content-max-width:40rem] thread-lg:[--thread-content-max-width:48rem] mx-auto max-w-(--thread-content-max-width) flex-1 group\/turn-messages focus-visible:outline-hidden relative flex w-full min-w-0 flex-col agent-turn\" tabindex=\"-1\">\n<div class=\"flex max-w-full flex-col grow\">\n<div class=\"min-h-8 text-message relative flex w-full flex-col items-end gap-2 text-start break-words whitespace-normal [.text-message+&amp;]:mt-1\" dir=\"auto\" data-message-author-role=\"assistant\" data-message-id=\"bb2c3caf-9ab9-4bed-98c5-269fc8e18c00\" data-message-model-slug=\"gpt-5\">\n<div class=\"flex w-full flex-col gap-1 empty:hidden first:pt-[1px]\">\n<div class=\"markdown prose dark:prose-invert w-full break-words light markdown-new-styling\">\n<h3 data-start=\"2538\" data-end=\"2566\">\ud83c\udfaf <strong data-start=\"2545\" data-end=\"2566\">Objetivos del kit<\/strong><\/h3>\n<ul data-start=\"2567\" data-end=\"2924\">\n<li data-start=\"2567\" data-end=\"2645\">\n<p data-start=\"2569\" data-end=\"2645\">Facilitar la implementaci\u00f3n de un <strong data-start=\"2603\" data-end=\"2642\">sistema formal de auditor\u00eda interna<\/strong>.<\/p>\n<\/li>\n<li data-start=\"2646\" data-end=\"2731\">\n<p data-start=\"2648\" data-end=\"2731\">Estandarizar el proceso de identificaci\u00f3n, an\u00e1lisis y documentaci\u00f3n de hallazgos.<\/p>\n<\/li>\n<li data-start=\"2732\" data-end=\"2820\">\n<p data-start=\"2734\" data-end=\"2820\">Garantizar el cumplimiento normativo y la mejora continua de los controles internos.<\/p>\n<\/li>\n<li data-start=\"2821\" data-end=\"2924\">\n<p data-start=\"2823\" data-end=\"2924\">Proveer una <strong data-start=\"2835\" data-end=\"2880\">herramienta pr\u00e1ctica y lista para aplicar<\/strong> sin necesidad de desarrollos adicionales.<\/p>\n<\/li>\n<\/ul>\n<hr data-start=\"2926\" data-end=\"2929\" \/>\n<h3 data-start=\"2931\" data-end=\"2952\">\ud83d\udc65 <strong data-start=\"2938\" data-end=\"2952\">Dirigido a<\/strong><\/h3>\n<ul data-start=\"2953\" data-end=\"3205\">\n<li data-start=\"2953\" data-end=\"3037\">\n<p data-start=\"2955\" data-end=\"3037\">Departamentos de <strong data-start=\"2972\" data-end=\"3034\">Auditor\u00eda Interna, Control Interno, Cumplimiento y Riesgos<\/strong>.<\/p>\n<\/li>\n<li data-start=\"3038\" data-end=\"3115\">\n<p data-start=\"3040\" data-end=\"3115\"><strong data-start=\"3040\" data-end=\"3067\">Consultores y despachos<\/strong> que brindan servicios de auditor\u00eda o control.<\/p>\n<\/li>\n<li data-start=\"3116\" data-end=\"3205\">\n<p data-start=\"3118\" data-end=\"3205\">Empresas que buscan fortalecer su <strong data-start=\"3152\" data-end=\"3202\">gobierno corporativo y transparencia operativa<\/strong>.<\/p>\n<\/li>\n<\/ul>\n<hr data-start=\"3207\" data-end=\"3210\" \/>\n<h3 data-start=\"3212\" data-end=\"3241\">\ud83d\udda5\ufe0f <strong data-start=\"3220\" data-end=\"3241\">Formato y entrega<\/strong><\/h3>\n<ul data-start=\"3242\" data-end=\"3447\">\n<li data-start=\"3242\" data-end=\"3333\">\n<p data-start=\"3244\" data-end=\"3333\">Descarga inmediata en archivo <strong data-start=\"3274\" data-end=\"3282\">.ZIP<\/strong> (contiene: Excel, Word\/PDF, PowerPoint).<\/p>\n<\/li>\n<li data-start=\"3334\" data-end=\"3400\">\n<p data-start=\"3336\" data-end=\"3400\">Incluye <strong data-start=\"3344\" data-end=\"3397\">gu\u00eda de instalaci\u00f3n y personalizaci\u00f3n paso a paso<\/strong>.<\/p>\n<\/li>\n<li data-start=\"3401\" data-end=\"3447\">\n<p data-start=\"3403\" data-end=\"3447\">Licencia para <strong data-start=\"3417\" data-end=\"3444\">uso corporativo interno<\/strong>.<\/p>\n<\/li>\n<\/ul>\n<hr data-start=\"3580\" data-end=\"3583\" \/>\n<h3 data-start=\"3585\" data-end=\"3610\">\ud83d\ude80 <strong data-start=\"3592\" data-end=\"3610\">Bono adicional<\/strong><\/h3>\n<p data-start=\"3611\" data-end=\"3720\">\ud83c\udf81 Incluye plantilla de Cedula<strong data-start=\"3635\" data-end=\"3667\"> de Auditoria<\/strong>\u00a0y <strong data-start=\"3670\" data-end=\"3717\">Matriz de Seguimiento de Planes Correctivos<\/strong>.<\/p>\n<hr data-start=\"3722\" data-end=\"3725\" \/>\n<h3 data-start=\"3727\" data-end=\"3755\">\ud83c\udfe2 <strong data-start=\"3734\" data-end=\"3755\">Desarrollado por:<\/strong><\/h3>\n<p data-start=\"3756\" data-end=\"3871\"><strong data-start=\"3756\" data-end=\"3795\">Consultor\u00eda Integral Empresarial SC<\/strong><br data-start=\"3795\" data-end=\"3798\" \/>Especialistas en <strong data-start=\"3815\" data-end=\"3870\">Auditor\u00eda Interna, Control y Cumplimiento Normativo<\/strong>.<\/p>\n<hr data-start=\"3873\" data-end=\"3876\" \/>\n<\/div>\n<\/div>\n<\/div>\n<\/div>\n<\/div>\n<\/div>\n<\/article>\n<div class=\"pointer-events-none h-px w-px\" aria-hidden=\"true\" data-edge=\"true\"><\/div>","protected":false},"featured_media":482,"comment_status":"open","ping_status":"closed","template":"","meta":[],"product_brand":[],"product_cat":[18],"product_tag":[25],"class_list":{"0":"post-1095","1":"product","2":"type-product","3":"status-publish","4":"has-post-thumbnail","6":"product_cat-sin-categorizar","7":"product_tag-auditoriaiia","9":"first","10":"instock","11":"sale","12":"downloadable","13":"taxable","14":"shipping-taxable","15":"purchasable","16":"product-type-simple"},"_links":{"self":[{"href":"https:\/\/sciesc.com\/en\/wp-json\/wp\/v2\/product\/1095","targetHints":{"allow":["GET"]}}],"collection":[{"href":"https:\/\/sciesc.com\/en\/wp-json\/wp\/v2\/product"}],"about":[{"href":"https:\/\/sciesc.com\/en\/wp-json\/wp\/v2\/types\/product"}],"replies":[{"embeddable":true,"href":"https:\/\/sciesc.com\/en\/wp-json\/wp\/v2\/comments?post=1095"}],"wp:featuredmedia":[{"embeddable":true,"href":"https:\/\/sciesc.com\/en\/wp-json\/wp\/v2\/media\/482"}],"wp:attachment":[{"href":"https:\/\/sciesc.com\/en\/wp-json\/wp\/v2\/media?parent=1095"}],"wp:term":[{"taxonomy":"product_brand","embeddable":true,"href":"https:\/\/sciesc.com\/en\/wp-json\/wp\/v2\/product_brand?post=1095"},{"taxonomy":"product_cat","embeddable":true,"href":"https:\/\/sciesc.com\/en\/wp-json\/wp\/v2\/product_cat?post=1095"},{"taxonomy":"product_tag","embeddable":true,"href":"https:\/\/sciesc.com\/en\/wp-json\/wp\/v2\/product_tag?post=1095"}],"curies":[{"name":"wp","href":"https:\/\/api.w.org\/{rel}","templated":true}]}}