{"id":701,"date":"2025-11-28T18:24:36","date_gmt":"2025-11-29T00:24:36","guid":{"rendered":"https:\/\/sciesc.com\/?page_id=701"},"modified":"2025-11-28T18:47:29","modified_gmt":"2025-11-29T00:47:29","slug":"herramientas","status":"publish","type":"page","link":"https:\/\/sciesc.com\/en\/herramientas\/","title":{"rendered":"Carrera"},"content":{"rendered":"<div data-elementor-type=\"wp-page\" data-elementor-id=\"701\" class=\"elementor elementor-701\">\n\t\t\t\t\t\t<section class=\"elementor-section elementor-top-section elementor-element elementor-element-d745e23 elementor-section-boxed elementor-section-height-default elementor-section-height-default\" data-id=\"d745e23\" data-element_type=\"section\">\n\t\t\t\t\t\t<div class=\"elementor-container elementor-column-gap-default\">\n\t\t\t\t\t<div class=\"elementor-column elementor-col-100 elementor-top-column elementor-element elementor-element-7acb15b\" data-id=\"7acb15b\" data-element_type=\"column\">\n\t\t\t<div class=\"elementor-widget-wrap elementor-element-populated\">\n\t\t\t\t\t\t<div class=\"elementor-element elementor-element-259b4c7 elementor-widget elementor-widget-text-editor\" data-id=\"259b4c7\" data-element_type=\"widget\" data-widget_type=\"text-editor.default\">\n\t\t\t\t<div class=\"elementor-widget-container\">\n\t\t\t\t\t\t\t\t\t<p><b>Importante<\/b><br \/>SciesCo Mx le podr\u00e1 contactar v\u00eda Whatsapp para dar seguimiento a su proceso de selecci\u00f3n (ejemplo: seguimiento de evaluaciones, confirmaci\u00f3n de entrevista ), pero nunca se le solicitar\u00e1 por este medo informaci\u00f3n personal tal como domicilio, formaci\u00f3n acad\u00e9mica, ni ning\u00fan tipo de documento, el \u00fanico medio autorizado para recibir esta informaci\u00f3n es mediante nuestro portal de vacantes.<br \/>&#8211; co.integra.co@gmail.com<br \/>&#8211; Formulario de la pagina<br \/>SciesCo Mx est\u00e1 comprometido con las Politicas, lineamientos y disposiciones legales en materia de protecci\u00f3n de datos personales. Cualquier canal o medio diferente a nuestro portal de vacantes no es parte de la estrategia definida por nuestra Firma.<\/p>\t\t\t\t\t\t\t\t<\/div>\n\t\t\t\t<\/div>\n\t\t\t\t<div class=\"elementor-element elementor-element-4b1916b elementor-widget elementor-widget-wpforms\" data-id=\"4b1916b\" data-element_type=\"widget\" data-widget_type=\"wpforms.default\">\n\t\t\t\t<div class=\"elementor-widget-container\">\n\t\t\t\t\t<div class=\"wpforms-container wpforms-container-full\" id=\"wpforms-1129\"><form id=\"wpforms-form-1129\" class=\"wpforms-validate wpforms-form wpforms-ajax-form\" data-formid=\"1129\" method=\"post\" enctype=\"multipart\/form-data\" action=\"\/en\/wp-json\/wp\/v2\/pages\/701\" data-token=\"2a0df43877cc6a226c9de548e783eb86\" data-token-time=\"1775421869\" data-trp-original-action=\"\/en\/wp-json\/wp\/v2\/pages\/701\"><noscript class=\"wpforms-error-noscript\">Please enable JavaScript in your browser to complete this form.<\/noscript><div class=\"wpforms-field-container\"><div id=\"wpforms-1129-field_1-container\" class=\"wpforms-field wpforms-field-name\" data-field-id=\"1\"><label class=\"wpforms-field-label\">Nombre <span class=\"wpforms-required-label\">*<\/span><\/label><div class=\"wpforms-field-row wpforms-field-medium\"><div class=\"wpforms-field-row-block wpforms-first wpforms-one-half\"><input type=\"text\" id=\"wpforms-1129-field_1\" class=\"wpforms-field-name-first wpforms-field-required\" name=\"wpforms[fields][1][first]\" required><label for=\"wpforms-1129-field_1\" class=\"wpforms-field-sublabel after\">First<\/label><\/div><div class=\"wpforms-field-row-block wpforms-one-half\"><input type=\"text\" id=\"wpforms-1129-field_1-last\" class=\"wpforms-field-name-last wpforms-field-required\" name=\"wpforms[fields][1][last]\" required><label for=\"wpforms-1129-field_1-last\" class=\"wpforms-field-sublabel after\">Last<\/label><\/div><\/div><\/div><div id=\"wpforms-1129-field_2-container\" class=\"wpforms-field wpforms-field-email\" data-field-id=\"2\"><label class=\"wpforms-field-label\" for=\"wpforms-1129-field_2\">Correo electr\u00f3nico <span class=\"wpforms-required-label\">*<\/span><\/label><input type=\"email\" id=\"wpforms-1129-field_2\" class=\"wpforms-field-medium wpforms-field-required\" name=\"wpforms[fields][2]\" spellcheck=\"false\" required><\/div><div id=\"wpforms-1129-field_3-container\" class=\"wpforms-field wpforms-field-textarea\" data-field-id=\"3\"><label class=\"wpforms-field-label\" for=\"wpforms-1129-field_3\">Comentario o mensaje<\/label><textarea id=\"wpforms-1129-field_3\" class=\"wpforms-field-medium\" name=\"wpforms[fields][3]\" ><\/textarea><\/div><\/div><!-- .wpforms-field-container --><div class=\"wpforms-submit-container\" ><input type=\"hidden\" name=\"wpforms[id]\" value=\"1129\"><input type=\"hidden\" name=\"page_title\" value=\"\"><input type=\"hidden\" name=\"page_url\" value=\"https:\/\/sciesc.com\/en\/wp-json\/wp\/v2\/pages\/701\"><input type=\"hidden\" name=\"url_referer\" value=\"\"><button type=\"submit\" name=\"wpforms[submit]\" id=\"wpforms-submit-1129\" class=\"wpforms-submit\" data-alt-text=\"Enviando...\" data-submit-text=\"Enviar\" aria-live=\"assertive\" value=\"wpforms-submit\">Enviar<\/button><img decoding=\"async\" src=\"https:\/\/sciesc.com\/wp-content\/plugins\/wpforms-lite\/assets\/images\/submit-spin.svg\" class=\"wpforms-submit-spinner\" style=\"display: none;\" width=\"26\" height=\"26\" alt=\"Loading\"><\/div><input type=\"hidden\" name=\"trp-form-language\" value=\"en\"\/><\/form><\/div>  <!-- .wpforms-container -->\t\t\t\t<\/div>\n\t\t\t\t<\/div>\n\t\t\t\t\t<\/div>\n\t\t<\/div>\n\t\t\t\t\t<\/div>\n\t\t<\/section>\n\t\t\t\t<\/div>","protected":false},"excerpt":{"rendered":"<p>ImportanteSciesCo Mx le podr\u00e1 contactar v\u00eda Whatsapp para dar seguimiento a su proceso de selecci\u00f3n (ejemplo: seguimiento de evaluaciones, confirmaci\u00f3n de entrevista ), pero nunca se le solicitar\u00e1 por este medo informaci\u00f3n personal tal como domicilio, formaci\u00f3n acad\u00e9mica, ni ning\u00fan tipo de documento, el \u00fanico medio autorizado para recibir esta informaci\u00f3n es mediante nuestro portal [&hellip;]<\/p>","protected":false},"author":2,"featured_media":0,"parent":0,"menu_order":0,"comment_status":"closed","ping_status":"closed","template":"","meta":{"footnotes":""},"class_list":["post-701","page","type-page","status-publish","hentry"],"_links":{"self":[{"href":"https:\/\/sciesc.com\/en\/wp-json\/wp\/v2\/pages\/701","targetHints":{"allow":["GET"]}}],"collection":[{"href":"https:\/\/sciesc.com\/en\/wp-json\/wp\/v2\/pages"}],"about":[{"href":"https:\/\/sciesc.com\/en\/wp-json\/wp\/v2\/types\/page"}],"author":[{"embeddable":true,"href":"https:\/\/sciesc.com\/en\/wp-json\/wp\/v2\/users\/2"}],"replies":[{"embeddable":true,"href":"https:\/\/sciesc.com\/en\/wp-json\/wp\/v2\/comments?post=701"}],"version-history":[{"count":8,"href":"https:\/\/sciesc.com\/en\/wp-json\/wp\/v2\/pages\/701\/revisions"}],"predecessor-version":[{"id":1138,"href":"https:\/\/sciesc.com\/en\/wp-json\/wp\/v2\/pages\/701\/revisions\/1138"}],"wp:attachment":[{"href":"https:\/\/sciesc.com\/en\/wp-json\/wp\/v2\/media?parent=701"}],"curies":[{"name":"wp","href":"https:\/\/api.w.org\/{rel}","templated":true}]}}