{"id":2,"date":"2019-05-16T02:00:42","date_gmt":"2019-05-16T02:00:42","guid":{"rendered":"https:\/\/sciesc.com\/?page_id=2"},"modified":"2025-11-26T12:19:44","modified_gmt":"2025-11-26T18:19:44","slug":"pagina-ejemplo","status":"publish","type":"page","link":"https:\/\/sciesc.com\/en\/pagina-ejemplo\/","title":{"rendered":"Miembros"},"content":{"rendered":"<div data-elementor-type=\"wp-page\" data-elementor-id=\"2\" class=\"elementor elementor-2\">\n\t\t\t\t\t\t<section class=\"elementor-section elementor-top-section elementor-element elementor-element-84f5a03 elementor-section-boxed elementor-section-height-default elementor-section-height-default\" data-id=\"84f5a03\" data-element_type=\"section\">\n\t\t\t\t\t\t<div class=\"elementor-container elementor-column-gap-default\">\n\t\t\t\t\t<div class=\"elementor-column elementor-col-100 elementor-top-column elementor-element elementor-element-3d92e00a\" data-id=\"3d92e00a\" data-element_type=\"column\">\n\t\t\t<div class=\"elementor-widget-wrap elementor-element-populated\">\n\t\t\t\t\t\t<div class=\"elementor-element elementor-element-3b33805d elementor-widget elementor-widget-text-editor\" data-id=\"3b33805d\" data-element_type=\"widget\" data-widget_type=\"text-editor.default\">\n\t\t\t\t<div class=\"elementor-widget-container\">\n\t\t\t\t\t\t\t\t\t<p><strong>Beneficios:<\/strong><\/p><ul><li>Acceso a todas las capacitaciones \/ seminarios \/ talleres en la plataforma Zoom y en vivo durante 14 meses.<\/li><li>Acceso a scrips, plantillas, cedulas con las presentaciones y\/o res\u00famenes ejecutivos de cada capacitaci\u00f3n.<\/li><li>Acceso a cursos preparatorios contables financieros fiscales inversion.<\/li><li>Descuento en software especializados en la suscripci\u00f3n anual en territorio M\u00e9xico y Am\u00e9rica Latina.<\/li><li>Constancia de membres\u00eda al PMI 2026 con Sciesc, S.C.<\/li><li>Constancia opcional con total de horas de capacitaci\u00f3n Sciesc a entregar durante el a\u00f1o.<\/li><li>Invitaci\u00f3n a eventos y congresos en materia de contable, fiscal, control interno, auditor\u00eda interna y gesti\u00f3n de riesgos.<\/li><li>Asesor\u00eda v\u00eda correo electr\u00f3nico en aspectos de estrategia, gobierno corporativo, procesos IA, riesgos y controles para sus empresas.<\/li><li>Nota: consultor\u00eda r\u00e1pida, dudas o acompa\u00f1amiento que no implique m\u00e1s de 4 horas. Para consultor\u00eda mayor, obtendr\u00e1n descuentos en honorarios aplicables.<\/li><li>Posibles descuentos corporativos por participar en el Programa Membres\u00eda.<\/li><\/ul><p><strong>\u00a0<\/strong><\/p><p><strong>Fee por persona anual: USD 49<\/strong><\/p><p>\u00a0<\/p><p>M\u00e9todo de transferencia de fee en Paypal:<\/p><p>https:\/\/www.paypal.me\/IntegraCo<\/p><p>\u00a0<\/p><p>Entre nuestros beneficios:<\/p><ul><li>Oficinas<\/li><li>Contenido-cursos<\/li><li>Capacitaciones<\/li><li>Contabilidad<\/li><li>Estrategia<\/li><li>Oportunidades de inversi\u00f3n<\/li><li>Eventos<\/li><li>Comunidad<\/li><\/ul>\t\t\t\t\t\t\t\t<\/div>\n\t\t\t\t<\/div>\n\t\t\t\t\t<\/div>\n\t\t<\/div>\n\t\t\t\t\t<\/div>\n\t\t<\/section>\n\t\t\t\t<section class=\"elementor-section elementor-top-section elementor-element elementor-element-fb37e7c elementor-section-boxed elementor-section-height-default elementor-section-height-default\" data-id=\"fb37e7c\" data-element_type=\"section\">\n\t\t\t\t\t\t<div class=\"elementor-container elementor-column-gap-default\">\n\t\t\t\t\t<div class=\"elementor-column elementor-col-100 elementor-top-column elementor-element elementor-element-f38b20d\" data-id=\"f38b20d\" data-element_type=\"column\">\n\t\t\t<div class=\"elementor-widget-wrap elementor-element-populated\">\n\t\t\t\t\t\t<div class=\"elementor-element elementor-element-deb724a elementor-widget elementor-widget-heading\" data-id=\"deb724a\" data-element_type=\"widget\" data-widget_type=\"heading.default\">\n\t\t\t\t<div class=\"elementor-widget-container\">\n\t\t\t\t\t<h2 class=\"elementor-heading-title elementor-size-default\">\"Nuevo\" Programa de Membres\u00eda Integra (PMI)\n\"Capacitaci\u00f3n Total para los Miembros\"<\/h2>\t\t\t\t<\/div>\n\t\t\t\t<\/div>\n\t\t\t\t\t<\/div>\n\t\t<\/div>\n\t\t\t\t\t<\/div>\n\t\t<\/section>\n\t\t\t\t<section class=\"elementor-section elementor-top-section elementor-element elementor-element-b8d9afe elementor-section-boxed elementor-section-height-default elementor-section-height-default\" data-id=\"b8d9afe\" data-element_type=\"section\">\n\t\t\t\t\t\t<div class=\"elementor-container elementor-column-gap-default\">\n\t\t\t\t\t<div class=\"elementor-column elementor-col-100 elementor-top-column elementor-element elementor-element-89a3da5\" data-id=\"89a3da5\" data-element_type=\"column\">\n\t\t\t<div class=\"elementor-widget-wrap elementor-element-populated\">\n\t\t\t\t\t\t<div class=\"elementor-element elementor-element-8b89c61 elementor-widget elementor-widget-html\" data-id=\"8b89c61\" data-element_type=\"widget\" data-widget_type=\"html.default\">\n\t\t\t\t<div class=\"elementor-widget-container\">\n\t\t\t\t\t<div style=\"position: relative; width: 100%; height: 0; padding-top: 56.2500%; padding-bottom: 0; box-shadow: 0 2px 8px 0 rgba(63,69,81,0.16); margin-top: 1.6em; margin-bottom: 0.9em; overflow: hidden; border-radius: 8px; will-change: transform;\">\r\n  <iframe loading=\"lazy\" style=\"position: absolute; width: 100%; height: 100%; top: 0; left: 0; border: none; padding: 0;margin: 0;\"\r\n    src=\"https:\/\/www.canva.com\/design\/DAG50plcIBM\/iLprd-7ScfeH09UIn9XzsA\/view?embed\" allowfullscreen=\"allowfullscreen\" allow=\"fullscreen\">\r\n  <\/iframe>\r\n<\/div>\r\n<a href=\"https:\/\/\/en\/&\/#x2F;&#x2F;www.canva.com&#x2F;design&#x2F;DAG50plcIBM&#x2F;iLprd-7ScfeH09UIn9XzsA&#x2F;view?utm_content=DAG50plcIBM&amp;utm_campaign=designshare&amp;utm_medium=embeds&amp;utm_source=link\" target=\"_blank\" rel=\"noopener\">Copia de Presentacion propuesta de proyecto corporativo moderno azul<\/a> de SCIESC Consultoria Integral Empresarial\t\t\t\t<\/div>\n\t\t\t\t<\/div>\n\t\t\t\t\t<\/div>\n\t\t<\/div>\n\t\t\t\t\t<\/div>\n\t\t<\/section>\n\t\t\t\t<\/div>","protected":false},"excerpt":{"rendered":"<p>Beneficios: Acceso a todas las capacitaciones \/ seminarios \/ talleres en la plataforma Zoom y en vivo durante 14 meses. Acceso a scrips, plantillas, cedulas con las presentaciones y\/o res\u00famenes ejecutivos de cada capacitaci\u00f3n. Acceso a cursos preparatorios contables financieros fiscales inversion. Descuento en software especializados en la suscripci\u00f3n anual en territorio M\u00e9xico y Am\u00e9rica [&hellip;]<\/p>","protected":false},"author":1,"featured_media":0,"parent":0,"menu_order":0,"comment_status":"closed","ping_status":"open","template":"","meta":{"footnotes":""},"class_list":["post-2","page","type-page","status-publish","hentry"],"_links":{"self":[{"href":"https:\/\/sciesc.com\/en\/wp-json\/wp\/v2\/pages\/2","targetHints":{"allow":["GET"]}}],"collection":[{"href":"https:\/\/sciesc.com\/en\/wp-json\/wp\/v2\/pages"}],"about":[{"href":"https:\/\/sciesc.com\/en\/wp-json\/wp\/v2\/types\/page"}],"author":[{"embeddable":true,"href":"https:\/\/sciesc.com\/en\/wp-json\/wp\/v2\/users\/1"}],"replies":[{"embeddable":true,"href":"https:\/\/sciesc.com\/en\/wp-json\/wp\/v2\/comments?post=2"}],"version-history":[{"count":10,"href":"https:\/\/sciesc.com\/en\/wp-json\/wp\/v2\/pages\/2\/revisions"}],"predecessor-version":[{"id":1128,"href":"https:\/\/sciesc.com\/en\/wp-json\/wp\/v2\/pages\/2\/revisions\/1128"}],"wp:attachment":[{"href":"https:\/\/sciesc.com\/en\/wp-json\/wp\/v2\/media?parent=2"}],"curies":[{"name":"wp","href":"https:\/\/api.w.org\/{rel}","templated":true}]}}