{"id":1061,"date":"2025-10-15T01:42:17","date_gmt":"2025-10-15T07:42:17","guid":{"rendered":"https:\/\/sciesc.com\/?page_id=1061"},"modified":"2025-10-15T01:45:19","modified_gmt":"2025-10-15T07:45:19","slug":"politica-de-privacidad","status":"publish","type":"page","link":"https:\/\/sciesc.com\/en\/politica-de-privacidad\/","title":{"rendered":"Pol\u00edtica de Privacidad"},"content":{"rendered":"<div data-elementor-type=\"wp-page\" data-elementor-id=\"1061\" class=\"elementor elementor-1061\">\n\t\t\t\t\t\t<section class=\"elementor-section elementor-top-section elementor-element elementor-element-cfcf006 elementor-section-boxed elementor-section-height-default elementor-section-height-default\" data-id=\"cfcf006\" data-element_type=\"section\">\n\t\t\t\t\t\t<div class=\"elementor-container elementor-column-gap-default\">\n\t\t\t\t\t<div class=\"elementor-column elementor-col-100 elementor-top-column elementor-element elementor-element-3deb265\" data-id=\"3deb265\" data-element_type=\"column\">\n\t\t\t<div class=\"elementor-widget-wrap elementor-element-populated\">\n\t\t\t\t\t\t<div class=\"elementor-element elementor-element-51e4b2b elementor-widget elementor-widget-text-editor\" data-id=\"51e4b2b\" data-element_type=\"widget\" data-widget_type=\"text-editor.default\">\n\t\t\t\t<div class=\"elementor-widget-container\">\n\t\t\t\t\t\t\t\t\t<p><strong>Aviso de privacidad<\/strong><\/p>\n<p>La presente Pol\u00edtica de Privacidad establece los t\u00e9rminos en que Sciesc usa y protege la informaci\u00f3n que es proporcionada por sus usuarios al momento de utilizar su sitio web. Esta compa\u00f1\u00eda est\u00e1 comprometida con la seguridad de los datos de sus usuarios. Cuando le pedimos llenar los campos de informaci\u00f3n personal con la cual usted pueda ser identificado, lo hacemos asegurando que s\u00f3lo se emplear\u00e1 de acuerdo con los t\u00e9rminos de este documento. Sin embargo esta Pol\u00edtica de Privacidad puede cambiar con el tiempo o ser actualizada por lo que le recomendamos y enfatizamos revisar continuamente esta p\u00e1gina para asegurarse que est\u00e1 de acuerdo con dichos cambios.<\/p>\n<p><strong>Informaci\u00f3n que es recogida<\/strong><\/p>\n<p>Nuestro sitio web podr\u00e1 recoger informaci\u00f3n personal por ejemplo: Nombre, informaci\u00f3n de contacto como su direcci\u00f3n de correo electr\u00f3nica e informaci\u00f3n demogr\u00e1fica. As\u00ed mismo cuando sea necesario podr\u00e1 ser requerida informaci\u00f3n espec\u00edfica para procesar alg\u00fan pedido o realizar una entrega o facturaci\u00f3n.<\/p>\n<p><strong>Uso de la informaci\u00f3n recogida<\/strong><\/p>\n<p>Nuestro sitio web emplea la informaci\u00f3n con el fin de proporcionar el mejor servicio posible, particularmente para mantener un registro de usuarios, de pedidos en caso que aplique, y mejorar nuestros productos y servicios. Es posible que sean enviados correos electr\u00f3nicos peri\u00f3dicamente a trav\u00e9s de nuestro sitio con ofertas especiales, nuevos productos y otra informaci\u00f3n publicitaria que consideremos relevante para usted o que pueda brindarle alg\u00fan beneficio, estos correos electr\u00f3nicos ser\u00e1n enviados a la direcci\u00f3n que usted proporcione y podr\u00e1n ser cancelados en cualquier momento.<\/p>\n<p>Sciesc est\u00e1 altamente comprometido para cumplir con el compromiso de mantener su informaci\u00f3n segura. Usamos los sistemas m\u00e1s avanzados y los actualizamos constantemente para asegurarnos que no exista ning\u00fan acceso no autorizado.<\/p>\n<p><strong>&nbsp;<\/strong><strong>Cookies<\/strong><\/p>\n<p>Una cookie se refiere a un fichero que es enviado con la finalidad de solicitar permiso para almacenarse en su ordenador, al aceptar dicho fichero se crea y la cookie sirve entonces para tener informaci\u00f3n respecto al tr\u00e1fico web, y tambi\u00e9n facilita las futuras visitas a una web recurrente. Otra funci\u00f3n que tienen las cookies es que con ellas las web pueden reconocerte individualmente y por tanto brindarte el mejor servicio personalizado de su web.<\/p>\n<p>Nuestro sitio web emplea las cookies para poder identificar las p\u00e1ginas que son visitadas y su frecuencia. Esta informaci\u00f3n es empleada \u00fanicamente para an\u00e1lisis estad\u00edstico y despu\u00e9s la informaci\u00f3n se elimina de forma permanente. Usted puede eliminar las cookies en cualquier momento desde su ordenador. Sin embargo las cookies ayudan a proporcionar un mejor servicio de los sitios web, est\u00e1s no dan acceso a informaci\u00f3n de su ordenador ni de usted, a menos de que usted as\u00ed lo quiera y la proporcione directamente. Usted puede aceptar o negar el uso de cookies, sin embargo la mayor\u00eda de navegadores aceptan cookies autom\u00e1ticamente pues sirve para tener un mejor servicio web. Tambi\u00e9n usted puede cambiar la configuraci\u00f3n de su ordenador para declinar las cookies. Si se declinan es posible que no pueda utilizar algunos de nuestros servicios.<\/p>\n<p><strong>Enlaces a Terceros<\/strong><\/p>\n<p>Este sitio web pudiera contener enlaces a otros sitios que pudieran ser de su inter\u00e9s. Una vez que usted de clic en estos enlaces y abandone nuestra p\u00e1gina, ya no tenemos control sobre al sitio al que es redirigido y por lo tanto no somos responsables de los t\u00e9rminos o privacidad ni de la protecci\u00f3n de sus datos en esos otros sitios terceros. Dichos sitios est\u00e1n sujetos a sus propias pol\u00edticas de privacidad por lo cual es recomendable que los consulte para confirmar que usted est\u00e1 de acuerdo con estas.<\/p>\n<p><strong>Control de su informaci\u00f3n personal<\/strong><\/p>\n<p>En cualquier momento usted puede restringir la recopilaci\u00f3n o el uso de la informaci\u00f3n personal que es proporcionada a nuestro sitio web. Cada vez que se le solicite rellenar un formulario, como el de alta de usuario, puede marcar o desmarcar la opci\u00f3n de recibir informaci\u00f3n por correo electr\u00f3nico. En caso de que haya marcado la opci\u00f3n de recibir nuestro bolet\u00edn o publicidad usted puede cancelarla en cualquier momento.<\/p>\n<p>Esta compa\u00f1\u00eda no vender\u00e1, ceder\u00e1 ni distribuir\u00e1 la informaci\u00f3n personal que es recopilada sin su consentimiento, salvo que sea requerido por un juez con un orden judicial.<\/p>\n<p>Sciesc se reserva el derecho de cambiar los t\u00e9rminos de la presente Pol\u00edtica de Privacidad en cualquier momento, as\u00ed como realizar cambios en sus precios y tarifas sin previo aviso.<\/p>\n<p><strong>T\u00e9rminos y condiciones<\/strong><\/p>\n<p>\u00a1Bienvenido a&nbsp;www.sciesc.com.mx!<\/p>\n<p>Estos t\u00e9rminos y condiciones describen las reglas y normas de uso del sitio web de&nbsp;Integra SC, ubicado en&nbsp;www.sciesc.com.mx.<\/p>\n<p>Al acceder a este sitio web asumimos que acepta estos t\u00e9rminos y condiciones. No contin\u00fae utilizando&nbsp;www.sciesc.com.mx&nbsp;si no est\u00e1 de acuerdo en aceptar todos los t\u00e9rminos y condiciones establecidos en esta p\u00e1gina.<\/p>\n<p>La siguiente terminolog\u00eda se aplica a estos T\u00e9rminos y Condiciones, a la Declaraci\u00f3n de Privacidad y al Aviso de Exenci\u00f3n de Responsabilidad y a todos los Acuerdos: \u201cCliente\u201d, \u201cUsted\u201d y \u201cSu\u201d se refiere a usted, la persona que se registra en este sitio web y que cumple con los t\u00e9rminos y condiciones de la Compa\u00f1\u00eda. \u201cLa Compa\u00f1\u00eda\u201d, \u201cNosotros\u201d, \u201cNuestro\u201d y \u201cNosotros\u201d, se refiere a nuestra Compa\u00f1\u00eda. \u201cParte\u201d, \u201cPartes\u201d o \u201cNosotros\u201d, se refiere tanto al Cliente como a nosotros. Todos los t\u00e9rminos se refieren a la oferta, la aceptaci\u00f3n y la contraprestaci\u00f3n necesaria para llevar a cabo el proceso de nuestra asistencia al Cliente de la manera m\u00e1s adecuada con el prop\u00f3sito expreso de satisfacer las necesidades del Cliente con respecto a la prestaci\u00f3n de los servicios indicados de la Compa\u00f1\u00eda, de acuerdo con y con sujeci\u00f3n a la legislaci\u00f3n vigente Mexico. Cualquier uso de la terminolog\u00eda anterior u otras palabras en singular, plural, may\u00fasculas y\/o \u00e9l\/ella o ellos, se consideran intercambiables y, por tanto, se refieren a lo mismo.<\/p>\n<p><strong>Cookies<\/strong><\/p>\n<p>Empleamos el uso de cookies. Al acceder a&nbsp;www.sciesc.com.mx, usted acepta el uso de cookies de acuerdo con la Pol\u00edtica de Privacidad de&nbsp;Integra SC.<\/p>\n<p>La mayor\u00eda de los sitios web interactivos utilizan cookies para permitirnos recuperar los datos del usuario en cada visita. Las cookies son utilizadas por nuestro sitio web para permitir la funcionalidad de ciertas \u00e1reas para facilitar a las personas que visitan nuestro sitio web. Algunos de nuestros socios afiliados\/publicitarios tambi\u00e9n pueden utilizar cookies.<\/p>\n<p><strong>Licencia<\/strong><\/p>\n<p>A menos que se indique lo contrario,&nbsp;Integra SC&nbsp;y\/o sus licenciantes son los propietarios de los derechos de propiedad intelectual de todo el material de&nbsp;www.sciesc.com.mx. Todos los derechos de propiedad intelectual est\u00e1n reservados. Usted puede acceder a esto desde&nbsp;www.sciesc.com.mx&nbsp;para su propio uso personal sujeto a las restricciones establecidas en estos t\u00e9rminos y condiciones.<\/p>\n<p><\/p>\n<p>No debe:<\/p>\n<ul>\n<li>Volver a publicar el material de&nbsp;sciesc.com.mx<\/li>\n<li>Vender, alquilar o sublicenciar el material de&nbsp;sciesc.com.mx<\/li>\n<li>Reproducir, duplicar o copiar material de&nbsp;sciesc.com.mx<\/li>\n<li>Redistribuir el contenido de&nbsp;sciesc.com.mx<\/li>\n<\/ul><div><br><\/div>\n<p>El presente Acuerdo comenzar\u00e1 a regir a partir de la fecha del mismo.<\/p>\n<p>Algunas partes de este sitio web ofrecen la oportunidad de que los usuarios publiquen e intercambien opiniones e informaci\u00f3n en ciertas \u00e1reas del sitio web. Integra Educaci\u00f3n SC no filtra, edita, publica o revisa los Comentarios antes de su presencia en el sitio web. Los comentarios no reflejan los puntos de vista y opiniones de Integra Educaci\u00f3n SC, sus agentes y\/o afiliados. Los comentarios reflejan los puntos de vista y las opiniones de la persona que publica sus puntos de vista y opiniones. En la medida en que lo permita la legislaci\u00f3n aplicable, Integra Educaci\u00f3n SC no ser\u00e1 responsable de los Comentarios ni de ninguna responsabilidad, da\u00f1os o gastos causados y\/o sufridos como resultado de cualquier uso y\/o publicaci\u00f3n y\/o aparici\u00f3n de los Comentarios en este sitio web.<\/p>\n<p>Integra Educacion SC&nbsp;se reserva el derecho de supervisar todos los Comentarios y de eliminar cualquier Comentario que pueda considerarse inapropiado, ofensivo o que suponga un incumplimiento de estos T\u00e9rminos y Condiciones.<\/p>\n<p><\/p>\n<p>Usted garantiza y declara que:<\/p>\n<ul>\n<li>Tiene derecho a publicar los Comentarios en nuestro sitio web y tiene todas las licencias y consentimientos necesarios para hacerlo;<\/li>\n<li>Los Comentarios no invaden ning\u00fan derecho de propiedad intelectual, incluyendo, sin limitaci\u00f3n, derechos de autor, patentes o marcas comerciales de terceros;<\/li>\n<li>Los comentarios no contienen ning\u00fan material difamatorio, calumnioso, ofensivo, indecente o ilegal que suponga una invasi\u00f3n de la privacidad.<\/li>\n<li>Los Comentarios no se utilizar\u00e1n para solicitar o promover negocios o costumbres o presentar actividades comerciales o il\u00edcitas.<\/li>\n<\/ul>\n<p>Usted otorga a&nbsp;Integra Educaci\u00f3n SA de CV&nbsp;una licencia no exclusiva para utilizar, reproducir, editar y autorizar a otros a utilizar, reproducir y editar cualquiera de sus Comentarios en todas y cada una de las formas, formatos o medios.<\/p>\n<p><strong>Hiperv\u00ednculos a nuestro contenido<\/strong><\/p>\n<p>Las siguientes organizaciones pueden enlazar con nuestro sitio web sin necesidad de aprobaci\u00f3n previa por escrito:<\/p>\n<p><\/p>\n<ul>\n<li>Agencias gubernamentales;<\/li>\n<li>Motores de b\u00fasqueda;<\/li>\n<li>Organizaciones de noticias;<\/li>\n<\/ul>\n<p>Los distribuidores de directorios en l\u00ednea pueden enlazar con nuestro sitio web de la misma manera que lo hacen con los sitios web de otras empresas incluidas en la lista; y<\/p>\n<p>Empresas acreditadas en todo el sistema, excepto las organizaciones sin \u00e1nimo de lucro, los centros comerciales de beneficencia y los grupos de recaudaci\u00f3n de fondos de beneficencia, que no pueden establecer un hiperv\u00ednculo con nuestro sitio web.<\/p>\n<p>Estas organizaciones pueden enlazar con nuestra p\u00e1gina de inicio, con publicaciones o con otra informaci\u00f3n del sitio web siempre que el enlace (a) no sea de ninguna manera enga\u00f1oso; (b) no implique falsamente el patrocinio, el respaldo o la aprobaci\u00f3n de la parte que enlaza y de sus productos y\/o servicios; y (c) se ajuste al contexto del sitio de la parte que enlaza.<\/p>\n<p>Podemos considerar y aprobar otras solicitudes de enlaces de los siguientes tipos de organizaciones<\/p>\n<ul>\n<li>fuentes de informaci\u00f3n de consumidores y\/o empresas com\u00fanmente conocidas;<\/li>\n<li>sitios de comunidades punto.com;<\/li>\n<li>asociaciones u otros grupos que representen a organizaciones ben\u00e9ficas<\/li>\n<li>distribuidores de directorios en l\u00ednea;<\/li>\n<li>portales de Internet;<\/li>\n<li>empresas de contabilidad, derecho y consultor\u00eda; e<\/li>\n<li>instituciones educativas y asociaciones comerciales.<\/li>\n<\/ul>\n<p>Aprobaremos las solicitudes de enlace de estas organizaciones si decidimos que (a) el enlace no nos hace quedar mal a nosotros o a nuestras empresas acreditadas; (b) la organizaci\u00f3n no tiene antecedentes negativos con nosotros; (c) el beneficio para nosotros de la visibilidad del hiperv\u00ednculo compensa la ausencia de&nbsp;Integra Educaci\u00f3n SC; y (d) el enlace est\u00e1 en el contexto de la informaci\u00f3n de recursos generales.<\/p>\n<p>Estas organizaciones pueden enlazar con nuestra p\u00e1gina de inicio siempre que el enlace (a) no sea de ninguna manera enga\u00f1oso; (b) no implique falsamente el patrocinio, el respaldo o la aprobaci\u00f3n de la parte que enlaza y de sus productos o servicios; y (c) se ajuste al contexto del sitio de la parte que enlaza.<\/p>\n<p>Si usted es una de las organizaciones enumeradas en el apartado 2 anterior y est\u00e1 interesado en establecer un enlace con nuestro sitio web, debe informarnos enviando un correo electr\u00f3nico a&nbsp;Integra Educaci\u00f3n SA de CV. Por favor, incluya su nombre, el nombre de su organizaci\u00f3n, la informaci\u00f3n de contacto as\u00ed como la URL de su sitio, una lista de las URL desde las que pretende enlazar a nuestro sitio web y una lista de las URL de nuestro sitio a las que le gustar\u00eda enlazar. Espere 2-3 semanas para recibir una respuesta.<\/p>\n<p>Las organizaciones aprobadas pueden establecer un hiperv\u00ednculo a nuestro sitio web de la siguiente manera<\/p>\n<ul>\n<li>Utilizando nuestro nombre corporativo; o<\/li>\n<li>Mediante el uso del localizador uniforme de recursos al que se enlaza; o<\/li>\n<li>Mediante el uso de cualquier otra descripci\u00f3n de nuestro sitio web al que se enlaza que tenga sentido dentro del contexto y el formato del contenido del sitio de la parte que enlaza.<\/li>\n<\/ul>\n<p>No se permitir\u00e1 el uso del&nbsp;logotipo de Integra Educaci\u00f3n SC&nbsp;ni de otras ilustraciones para los enlaces si no existe un acuerdo de licencia de marca.<\/p>\n<p><strong>iFrames<\/strong><\/p>\n<p>Sin la aprobaci\u00f3n previa y el permiso por escrito, usted no puede crear marcos alrededor de nuestras p\u00e1ginas web que alteren de alguna manera la presentaci\u00f3n visual o la apariencia de nuestro sitio web.<\/p>\n<p><\/p>\n<p><strong>Responsabilidad por el contenido<\/strong><\/p>\n<p>No seremos responsables de ning\u00fan contenido que aparezca en su sitio web. Usted se compromete a protegernos y a defendernos de todas las reclamaciones que se produzcan en su Sitio Web. No debe aparecer ning\u00fan enlace en ning\u00fan sitio web que pueda interpretarse como difamatorio, obsceno o delictivo, o que infrinja, viole o propugne la infracci\u00f3n u otra violaci\u00f3n de derechos de terceros.<\/p>\n<p><strong>Su privacidad<\/strong><\/p>\n<p>Lea la pol\u00edtica de privacidad<\/p>\n<p><strong>Reserva de derechos<\/strong><\/p>\n<p>Nos reservamos el derecho de solicitarle que elimine todos los enlaces o cualquier enlace particular a nuestro sitio web. Usted se compromete a eliminar inmediatamente todos los enlaces a nuestro sitio web cuando se le solicite. Tambi\u00e9n nos reservamos el derecho de modificar estos t\u00e9rminos y condiciones y su pol\u00edtica de enlaces en cualquier momento. Al enlazar continuamente con nuestro sitio web, usted acepta someterse y seguir estos t\u00e9rminos y condiciones de enlace.<\/p>\n<p><strong>Eliminaci\u00f3n de enlaces de nuestro sitio web<\/strong><\/p>\n<p>Si encuentra alg\u00fan enlace en nuestro sitio web que sea ofensivo por cualquier motivo, puede ponerse en contacto con nosotros e informarnos en cualquier momento. Tendremos en cuenta las solicitudes de eliminaci\u00f3n de enlaces, pero no estamos obligados a ello ni a responderle directamente.<\/p>\n<p>No aseguramos que la informaci\u00f3n contenida en este sitio web sea correcta, no garantizamos su integridad o exactitud; tampoco nos comprometemos a asegurar que el sitio web siga estando disponible o que el material del sitio web se mantenga actualizado.<\/p>\n<p><strong>Descargo de responsabilidad<\/strong><\/p>\n<p>En la medida m\u00e1xima permitida por la ley aplicable, excluimos todas las representaciones, garant\u00edas y condiciones relacionadas con nuestro sitio web y el uso de este sitio web. Nada de lo dispuesto en esta cl\u00e1usula de exenci\u00f3n de responsabilidad<\/p>\n<ul>\n<li>limita o excluye nuestra o su responsabilidad por muerte o lesiones personales;<\/li>\n<li>limitar\u00e1 o excluir\u00e1 nuestra responsabilidad o la suya por fraude o tergiversaci\u00f3n fraudulenta;<\/li>\n<li>limitar\u00e1 cualquiera de nuestras o sus responsabilidades de cualquier manera que no est\u00e9 permitida por la legislaci\u00f3n aplicable; o<\/li>\n<li>excluir cualquiera de nuestras o sus responsabilidades que no puedan ser excluidas en virtud de la legislaci\u00f3n aplicable.<\/li>\n<\/ul>\n<p>Las limitaciones y prohibiciones de responsabilidad establecidas en esta secci\u00f3n y en otras partes de este descargo de responsabilidad: (a) est\u00e1n sujetas al p\u00e1rrafo anterior; y (b) rigen todas las responsabilidades que se deriven del descargo de responsabilidad, incluidas las responsabilidades contractuales, extracontractuales y por incumplimiento de obligaciones legales.<\/p>\n<p>En la medida en que el sitio web y la informaci\u00f3n y los servicios del sitio web se proporcionan de forma gratuita, no seremos responsables de ninguna p\u00e9rdida o da\u00f1o de cualquier naturaleza.<\/p>\t\t\t\t\t\t\t\t<\/div>\n\t\t\t\t<\/div>\n\t\t\t\t\t<\/div>\n\t\t<\/div>\n\t\t\t\t\t<\/div>\n\t\t<\/section>\n\t\t\t\t<\/div>","protected":false},"excerpt":{"rendered":"<p>Aviso de privacidad La presente Pol\u00edtica de Privacidad establece los t\u00e9rminos en que Sciesc usa y protege la informaci\u00f3n que es proporcionada por sus usuarios al momento de utilizar su sitio web. Esta compa\u00f1\u00eda est\u00e1 comprometida con la seguridad de los datos de sus usuarios. Cuando le pedimos llenar los campos de informaci\u00f3n personal con [&hellip;]<\/p>","protected":false},"author":1,"featured_media":0,"parent":0,"menu_order":0,"comment_status":"closed","ping_status":"closed","template":"","meta":{"footnotes":""},"class_list":["post-1061","page","type-page","status-publish","hentry"],"_links":{"self":[{"href":"https:\/\/sciesc.com\/en\/wp-json\/wp\/v2\/pages\/1061","targetHints":{"allow":["GET"]}}],"collection":[{"href":"https:\/\/sciesc.com\/en\/wp-json\/wp\/v2\/pages"}],"about":[{"href":"https:\/\/sciesc.com\/en\/wp-json\/wp\/v2\/types\/page"}],"author":[{"embeddable":true,"href":"https:\/\/sciesc.com\/en\/wp-json\/wp\/v2\/users\/1"}],"replies":[{"embeddable":true,"href":"https:\/\/sciesc.com\/en\/wp-json\/wp\/v2\/comments?post=1061"}],"version-history":[{"count":3,"href":"https:\/\/sciesc.com\/en\/wp-json\/wp\/v2\/pages\/1061\/revisions"}],"predecessor-version":[{"id":1064,"href":"https:\/\/sciesc.com\/en\/wp-json\/wp\/v2\/pages\/1061\/revisions\/1064"}],"wp:attachment":[{"href":"https:\/\/sciesc.com\/en\/wp-json\/wp\/v2\/media?parent=1061"}],"curies":[{"name":"wp","href":"https:\/\/api.w.org\/{rel}","templated":true}]}}